{"id":473,"date":"2022-05-07T11:48:56","date_gmt":"2022-05-07T08:48:56","guid":{"rendered":"http:\/\/monikalarini.eu\/?page_id=473"},"modified":"2022-05-07T11:56:26","modified_gmt":"2022-05-07T08:56:26","slug":"organisations","status":"publish","type":"page","link":"https:\/\/monikalarini.eu\/et\/organisations\/","title":{"rendered":"Organisations"},"content":{"rendered":"<p>[et_pb_section fb_built=&#8221;1&#8243; admin_label=&#8221;Page Title Section&#8221; _builder_version=&#8221;4.17.3&#8243; _module_preset=&#8221;default&#8221; use_background_color_gradient=&#8221;on&#8221; background_color_gradient_direction=&#8221;120deg&#8221; background_color_gradient_stops=&#8221;#000000 0%|#ffffff 100%&#8221; background_color_gradient_overlays_image=&#8221;on&#8221; background_color_gradient_start=&#8221;#000000&#8243; background_color_gradient_end=&#8221;rgba(0,0,0,0)&#8221; background_enable_image=&#8221;off&#8221; custom_padding=&#8221;192px||122px|||&#8221; global_colors_info=&#8221;{}&#8221;][et_pb_row admin_label=&#8221;Page Title Area&#8221; _builder_version=&#8221;4.17.3&#8243; _module_preset=&#8221;default&#8221; background_size=&#8221;initial&#8221; background_position=&#8221;top_left&#8221; background_repeat=&#8221;repeat&#8221; width=&#8221;96%&#8221; global_colors_info=&#8221;{}&#8221;][et_pb_column type=&#8221;4_4&#8243; _builder_version=&#8221;4.16&#8243; _module_preset=&#8221;default&#8221; custom_padding=&#8221;|||&#8221; global_colors_info=&#8221;{}&#8221; custom_padding__hover=&#8221;|||&#8221;][et_pb_menu menu_id=&#8221;8&#8243; menu_style=&#8221;centered&#8221; active_link_color=&#8221;#FFFFFF&#8221; dropdown_menu_line_color=&#8221;RGBA(255,255,255,0)&#8221; dropdown_menu_text_color=&#8221;RGBA(255,255,255,0)&#8221; dropdown_menu_active_link_color=&#8221;RGBA(255,255,255,0)&#8221; mobile_menu_bg_color=&#8221;#303030&#8243; menu_icon_font_size=&#8221;52px&#8221; active_link_color_tablet=&#8221;#FFFFFF&#8221; active_link_color_phone=&#8221;#FFFFFF&#8221; active_link_color_last_edited=&#8221;on|desktop&#8221; dropdown_menu_line_color_tablet=&#8221;RGBA(255,255,255,0)&#8221; dropdown_menu_line_color_phone=&#8221;RGBA(255,255,255,0)&#8221; dropdown_menu_line_color_last_edited=&#8221;on|desktop&#8221; mobile_menu_bg_color_tablet=&#8221;#303030&#8243; mobile_menu_bg_color_phone=&#8221;#303030&#8243; mobile_menu_bg_color_last_edited=&#8221;on|phone&#8221; mobile_menu_text_color_tablet=&#8221;&#8221; mobile_menu_text_color_phone=&#8221;&#8221; mobile_menu_text_color_last_edited=&#8221;on|phone&#8221; menu_icon_font_size_tablet=&#8221;52px&#8221; menu_icon_font_size_phone=&#8221;52px&#8221; menu_icon_font_size_last_edited=&#8221;on|phone&#8221; _builder_version=&#8221;4.17.3&#8243; _module_preset=&#8221;default&#8221; menu_font=&#8221;Poppins|700|||||||&#8221; menu_text_color=&#8221;#e63812&#8243; menu_font_size=&#8221;20px&#8221; background_enable_color=&#8221;off&#8221; custom_margin=&#8221;-64px|||||&#8221; custom_margin_tablet=&#8221;-64px|||||&#8221; custom_margin_phone=&#8221;-49px||||false|false&#8221; custom_margin_last_edited=&#8221;on|tablet&#8221; menu_font_tablet=&#8221;Poppins|700|||||||&#8221; menu_font_phone=&#8221;Poppins|700|||||||&#8221; menu_font_last_edited=&#8221;on|phone&#8221; menu_text_color_tablet=&#8221;#e63812&#8243; menu_text_color_phone=&#8221;#e63812&#8243; menu_text_color_last_edited=&#8221;on|phone&#8221; menu_font_size_tablet=&#8221;20px&#8221; menu_font_size_phone=&#8221;17px&#8221; menu_font_size_last_edited=&#8221;on|tablet&#8221; locked=&#8221;off&#8221; global_colors_info=&#8221;{}&#8221;][\/et_pb_menu][\/et_pb_column][\/et_pb_row][\/et_pb_section][et_pb_section fb_built=&#8221;1&#8243; admin_label=&#8221;Class Details Section&#8221; _builder_version=&#8221;4.16&#8243; _module_preset=&#8221;default&#8221; background_color=&#8221;#efe9e4&#8243; custom_padding=&#8221;88px||90px|||&#8221; global_colors_info=&#8221;{}&#8221;][et_pb_row admin_label=&#8221;Class Details Area&#8221; _builder_version=&#8221;4.16&#8243; _module_preset=&#8221;default&#8221; custom_padding=&#8221;27px|0px|45px|0px||&#8221; global_colors_info=&#8221;{}&#8221;][et_pb_column type=&#8221;4_4&#8243; _builder_version=&#8221;4.16&#8243; _module_preset=&#8221;default&#8221; custom_padding=&#8221;|||&#8221; global_colors_info=&#8221;{}&#8221; custom_padding__hover=&#8221;|||&#8221;][et_pb_text admin_label=&#8221;Title&#8221; _builder_version=&#8221;4.17.3&#8243; _module_preset=&#8221;default&#8221; text_font=&#8221;||||||||&#8221; header_font=&#8221;||||||||&#8221; header_2_font=&#8221;Poppins|600|||||||&#8221; header_2_text_align=&#8221;center&#8221; header_2_font_size=&#8221;36px&#8221; header_2_line_height=&#8221;1.2em&#8221; custom_margin=&#8221;||0px|&#8221; custom_padding=&#8221;|||&#8221; animation_style=&#8221;fade&#8221; hover_enabled=&#8221;0&#8243; header_font_tablet=&#8221;||||||||&#8221; header_font_phone=&#8221;||||||||&#8221; header_font_last_edited=&#8221;on|phone&#8221; header_font_size_tablet=&#8221;30px&#8221; header_font_size_phone=&#8221;30px&#8221; header_font_size_last_edited=&#8221;on|tablet&#8221; header_2_font_size_tablet=&#8221;36px&#8221; header_2_font_size_phone=&#8221;28px&#8221; header_2_font_size_last_edited=&#8221;on|tablet&#8221; global_colors_info=&#8221;{}&#8221; sticky_enabled=&#8221;0&#8243;]<\/p>\n<h2>Organisatsioonide n\u00f5ustamine<\/h2>\n<p>[\/et_pb_text][et_pb_divider divider_position=&#8221;center&#8221; divider_weight=&#8221;3px&#8221; _builder_version=&#8221;4.17.3&#8243; _module_preset=&#8221;default&#8221; max_width=&#8221;50px&#8221; module_alignment=&#8221;center&#8221; animation_style=&#8221;slide&#8221; animation_direction=&#8221;top&#8221; animation_intensity_slide=&#8221;10%&#8221; animation_starting_opacity=&#8221;100%&#8221; global_colors_info=&#8221;{}&#8221;][\/et_pb_divider][\/et_pb_column][\/et_pb_row][et_pb_row admin_label=&#8221;Course Overview Area &#8221; _builder_version=&#8221;4.16&#8243; _module_preset=&#8221;default&#8221; custom_margin=&#8221;-41px|auto||auto||&#8221; custom_padding=&#8221;|||&#8221; global_colors_info=&#8221;{}&#8221;][et_pb_column type=&#8221;4_4&#8243; _builder_version=&#8221;4.16&#8243; _module_preset=&#8221;default&#8221; custom_padding=&#8221;|||&#8221; global_colors_info=&#8221;{}&#8221; custom_padding__hover=&#8221;|||&#8221;][et_pb_text _builder_version=&#8221;4.17.3&#8243; _module_preset=&#8221;default&#8221; text_font=&#8221;Poppins||||||||&#8221; text_font_size=&#8221;18px&#8221; text_line_height=&#8221;1.8em&#8221; header_font=&#8221;||||||||&#8221; header_3_font=&#8221;||||||||&#8221; custom_padding=&#8221;||19px|||&#8221; animation_style=&#8221;fade&#8221; hover_enabled=&#8221;0&#8243; global_colors_info=&#8221;{}&#8221; sticky_enabled=&#8221;0&#8243; custom_margin=&#8221;||11px|||&#8221;]<\/p>\n<p class=\"p1\">Vahel tuleb organisatsioonide elus ette olukordi, mille lahendamiseks on vaja leida lisakompetentse. Olgu siis seet\u00f5ttu, et igap\u00e4evaselt ei olegi n\u00f5ustajat, v\u00e4rbajat v\u00f5i koolitajat organisatsiooni struktuuris vaja. V\u00f5i seet\u00f5ttu, et on tegevusi, mille l\u00e4biviimisel tuleb kasuks organisatsiooni igap\u00e4evat\u00f6\u00f6 filtriteta v\u00e4rske k\u00f5rvalpilk.<\/p>\n<p>[\/et_pb_text][et_pb_text _builder_version=&#8221;4.17.3&#8243; _module_preset=&#8221;default&#8221; text_font=&#8221;Poppins||||||||&#8221; text_font_size=&#8221;18px&#8221; text_line_height=&#8221;1.8em&#8221; header_font=&#8221;||||||||&#8221; header_3_font=&#8221;||||||||&#8221; custom_padding=&#8221;||19px|||&#8221; animation_style=&#8221;fade&#8221; hover_enabled=&#8221;0&#8243; global_colors_info=&#8221;{}&#8221; sticky_enabled=&#8221;0&#8243; custom_margin=&#8221;||7px|||&#8221;]<\/p>\n<p class=\"p1\"><b>Larini\u00b2 n\u00f5ustamine<\/b> saab aidata professionaalselt lahendada j\u00e4rgmisi olukordi:<\/p>\n<p>[\/et_pb_text][et_pb_text _builder_version=&#8221;4.17.3&#8243; _module_preset=&#8221;default&#8221; text_font=&#8221;||||||||&#8221; ul_font=&#8221;Poppins||||||||&#8221; ul_font_size=&#8221;18px&#8221; ul_line_height=&#8221;2.2em&#8221; header_font=&#8221;||||||||&#8221; custom_margin=&#8221;-20px|||||&#8221; animation_style=&#8221;fade&#8221; hover_enabled=&#8221;0&#8243; global_colors_info=&#8221;{}&#8221; sticky_enabled=&#8221;0&#8243;]<\/p>\n<ul>\n<li>teha organisatsiooni auditit ning kaardistada selle optimaalne struktuur ja tegevused;<\/li>\n<li class=\"p1\">luua uusi koost\u00f6\u00f6viise l\u00e4htuvalt tiimiliikmete isikuomadustest ja tuumoskustest;<\/li>\n<li class=\"p1\">viia l\u00e4bi koondamisn\u00f5ustamine ja\/v\u00f5i toetada t\u00f6\u00f6tajaid t\u00f6\u00f6suhte l\u00f5pul;<\/li>\n<li class=\"p1\">v\u00e4rvata uusi t\u00f6\u00f6tajaid;<\/li>\n<li class=\"p1\">viia l\u00e4bi sisekoolitusi;<\/li>\n<li class=\"p1\">pakkuda t\u00f6\u00f6tajatele individuaalset karj\u00e4\u00e4rin\u00f5ustamist ja -coachingut.<\/li>\n<\/ul>\n<p>[\/et_pb_text][\/et_pb_column][\/et_pb_row][et_pb_row admin_label=&#8221;Course Overview Area &#8221; _builder_version=&#8221;4.16&#8243; _module_preset=&#8221;default&#8221; custom_margin=&#8221;-28px|auto||auto||&#8221; custom_padding=&#8221;|||&#8221; global_colors_info=&#8221;{}&#8221;][et_pb_column type=&#8221;4_4&#8243; _builder_version=&#8221;4.16&#8243; _module_preset=&#8221;default&#8221; custom_padding=&#8221;|||&#8221; global_colors_info=&#8221;{}&#8221; custom_padding__hover=&#8221;|||&#8221;][et_pb_text _builder_version=&#8221;4.17.3&#8243; _module_preset=&#8221;default&#8221; text_font=&#8221;Poppins||||||||&#8221; text_font_size=&#8221;18px&#8221; text_line_height=&#8221;1.8em&#8221; header_font=&#8221;||||||||&#8221; header_3_font=&#8221;||||||||&#8221; min_height=&#8221;40.4px&#8221; custom_margin=&#8221;-29px|||||&#8221; animation_style=&#8221;fade&#8221; hover_enabled=&#8221;0&#8243; locked=&#8221;off&#8221; global_colors_info=&#8221;{}&#8221; sticky_enabled=&#8221;0&#8243; custom_padding=&#8221;13px|||||&#8221;]<\/p>\n<p class=\"p1\">Organisatsioonide arengule v\u00f5ivad abiks olla ka kodulehe grupin\u00f5ustamiste ja koolituste rubriigis pakutavad v\u00f5imalused.<\/p>\n<p>[\/et_pb_text][\/et_pb_column][\/et_pb_row][et_pb_row column_structure=&#8221;1_2,1_2&#8243; admin_label=&#8221;Testimonial Area&#8221; _builder_version=&#8221;4.17.3&#8243; _module_preset=&#8221;default&#8221; custom_margin=&#8221;-21px|auto||auto|false|false&#8221; custom_margin_tablet=&#8221;140px||||false|false&#8221; custom_margin_phone=&#8221;140px||||false|false&#8221; custom_margin_last_edited=&#8221;on|phone&#8221; custom_padding=&#8221;||0px|&#8221; locked=&#8221;off&#8221; global_colors_info=&#8221;{}&#8221;][et_pb_column type=&#8221;1_2&#8243; _builder_version=&#8221;4.17.3&#8243; _module_preset=&#8221;default&#8221; background_enable_color=&#8221;off&#8221; use_background_color_gradient=&#8221;on&#8221; background_color_gradient_stops=&#8221;#ffffff 0%|#e63812 100%&#8221; custom_padding=&#8221;60px|60px|60px|60px&#8221; custom_padding_tablet=&#8221;60px|60px|60px|60px&#8221; custom_padding_phone=&#8221;|40px||40px&#8221; custom_padding_last_edited=&#8221;on|phone&#8221; global_colors_info=&#8221;{}&#8221; padding_phone=&#8221;|40px||40px&#8221; padding_last_edited=&#8221;on|phone&#8221; custom_padding__hover=&#8221;|||&#8221;][et_pb_text admin_label=&#8221;Title&#8221; _builder_version=&#8221;4.17.3&#8243; _module_preset=&#8221;default&#8221; header_font=&#8221;||||||||&#8221; header_2_font=&#8221;Poppins|600|||||||&#8221; header_2_font_size=&#8221;36px&#8221; header_2_line_height=&#8221;1.2em&#8221; custom_margin=&#8221;||0px|&#8221; animation_style=&#8221;fade&#8221; locked=&#8221;off&#8221; global_colors_info=&#8221;{}&#8221;]<\/p>\n<h2 style=\"text-align: center;\">Kontakt<\/h2>\n<p>[\/et_pb_text][et_pb_text _builder_version=&#8221;4.17.3&#8243; _module_preset=&#8221;default&#8221; text_font=&#8221;Poppins|500|||||||&#8221; text_font_size=&#8221;31px&#8221; text_font_tablet=&#8221;Poppins|800|||||||&#8221; text_font_phone=&#8221;Poppins|800|||||||&#8221; text_font_last_edited=&#8221;on|phone&#8221; text_font_size_tablet=&#8221;31px&#8221; text_font_size_phone=&#8221;19px&#8221; text_font_size_last_edited=&#8221;on|phone&#8221; global_colors_info=&#8221;{}&#8221;]<\/p>\n<p style=\"text-align: center;\"><a href=\"mailto:monika@larini.eu\">monika@larini.eu<\/a><\/p>\n<p>[\/et_pb_text][et_pb_contact_form captcha=&#8221;off&#8221; email=&#8221;monika@larini.eu&#8221; success_message=&#8221;Ait\u00e4h!&#8221; submit_button_text=&#8221;Saada&#8221; _builder_version=&#8221;4.17.3&#8243; _module_preset=&#8221;default&#8221; _unique_id=&#8221;6e79db46-8c13-43e5-ade2-75ad2949a74a&#8221; custom_button=&#8221;on&#8221; button_text_size=&#8221;14px&#8221; button_text_color=&#8221;#e63812&#8243; button_bg_color=&#8221;#FFFFFF&#8221; button_border_width=&#8221;8px&#8221; button_border_color=&#8221;#e63812&#8243; button_border_radius=&#8221;0px&#8221; button_font=&#8221;|700||on|||||&#8221; custom_padding=&#8221;35px|||||&#8221; global_colors_info=&#8221;{}&#8221;][et_pb_contact_field field_id=&#8221;Nimi&#8221; field_title=&#8221;Nimi&#8221; _builder_version=&#8221;4.17.3&#8243; global_colors_info=&#8221;{}&#8221; button_text_size__hover_enabled=&#8221;off&#8221; button_one_text_size__hover_enabled=&#8221;off&#8221; button_two_text_size__hover_enabled=&#8221;off&#8221; button_text_color__hover_enabled=&#8221;off&#8221; button_one_text_color__hover_enabled=&#8221;off&#8221; button_two_text_color__hover_enabled=&#8221;off&#8221; button_border_width__hover_enabled=&#8221;off&#8221; button_one_border_width__hover_enabled=&#8221;off&#8221; button_two_border_width__hover_enabled=&#8221;off&#8221; button_border_color__hover_enabled=&#8221;off&#8221; button_one_border_color__hover_enabled=&#8221;off&#8221; button_two_border_color__hover_enabled=&#8221;off&#8221; button_border_radius__hover_enabled=&#8221;off&#8221; button_one_border_radius__hover_enabled=&#8221;off&#8221; button_two_border_radius__hover_enabled=&#8221;off&#8221; button_letter_spacing__hover_enabled=&#8221;off&#8221; button_one_letter_spacing__hover_enabled=&#8221;off&#8221; button_two_letter_spacing__hover_enabled=&#8221;off&#8221; button_bg_color__hover_enabled=&#8221;off&#8221; button_one_bg_color__hover_enabled=&#8221;off&#8221; button_two_bg_color__hover_enabled=&#8221;off&#8221;][\/et_pb_contact_field][et_pb_contact_field field_id=&#8221;Email&#8221; field_title=&#8221;Email&#8221; field_type=&#8221;email&#8221; _builder_version=&#8221;4.17.3&#8243; global_colors_info=&#8221;{}&#8221; button_text_size__hover_enabled=&#8221;off&#8221; button_one_text_size__hover_enabled=&#8221;off&#8221; button_two_text_size__hover_enabled=&#8221;off&#8221; button_text_color__hover_enabled=&#8221;off&#8221; button_one_text_color__hover_enabled=&#8221;off&#8221; button_two_text_color__hover_enabled=&#8221;off&#8221; button_border_width__hover_enabled=&#8221;off&#8221; button_one_border_width__hover_enabled=&#8221;off&#8221; button_two_border_width__hover_enabled=&#8221;off&#8221; button_border_color__hover_enabled=&#8221;off&#8221; button_one_border_color__hover_enabled=&#8221;off&#8221; button_two_border_color__hover_enabled=&#8221;off&#8221; button_border_radius__hover_enabled=&#8221;off&#8221; button_one_border_radius__hover_enabled=&#8221;off&#8221; button_two_border_radius__hover_enabled=&#8221;off&#8221; button_letter_spacing__hover_enabled=&#8221;off&#8221; button_one_letter_spacing__hover_enabled=&#8221;off&#8221; button_two_letter_spacing__hover_enabled=&#8221;off&#8221; button_bg_color__hover_enabled=&#8221;off&#8221; button_one_bg_color__hover_enabled=&#8221;off&#8221; button_two_bg_color__hover_enabled=&#8221;off&#8221;][\/et_pb_contact_field][et_pb_contact_field field_id=&#8221;Message&#8221; field_title=&#8221;S\u00f5num&#8221; field_type=&#8221;text&#8221; fullwidth_field=&#8221;on&#8221; _builder_version=&#8221;4.17.3&#8243; global_colors_info=&#8221;{}&#8221; button_text_size__hover_enabled=&#8221;off&#8221; button_one_text_size__hover_enabled=&#8221;off&#8221; button_two_text_size__hover_enabled=&#8221;off&#8221; button_text_color__hover_enabled=&#8221;off&#8221; button_one_text_color__hover_enabled=&#8221;off&#8221; button_two_text_color__hover_enabled=&#8221;off&#8221; button_border_width__hover_enabled=&#8221;off&#8221; button_one_border_width__hover_enabled=&#8221;off&#8221; button_two_border_width__hover_enabled=&#8221;off&#8221; button_border_color__hover_enabled=&#8221;off&#8221; button_one_border_color__hover_enabled=&#8221;off&#8221; button_two_border_color__hover_enabled=&#8221;off&#8221; button_border_radius__hover_enabled=&#8221;off&#8221; button_one_border_radius__hover_enabled=&#8221;off&#8221; button_two_border_radius__hover_enabled=&#8221;off&#8221; button_letter_spacing__hover_enabled=&#8221;off&#8221; button_one_letter_spacing__hover_enabled=&#8221;off&#8221; button_two_letter_spacing__hover_enabled=&#8221;off&#8221; button_bg_color__hover_enabled=&#8221;off&#8221; button_one_bg_color__hover_enabled=&#8221;off&#8221; button_two_bg_color__hover_enabled=&#8221;off&#8221;][\/et_pb_contact_field][\/et_pb_contact_form][\/et_pb_column][et_pb_column type=&#8221;1_2&#8243; _builder_version=&#8221;4.16&#8243; _module_preset=&#8221;default&#8221; custom_padding=&#8221;|||&#8221; global_colors_info=&#8221;{}&#8221; custom_padding__hover=&#8221;|||&#8221;][\/et_pb_column][\/et_pb_row][\/et_pb_section][et_pb_section fb_built=&#8221;1&#8243; admin_label=&#8221;Divider Section&#8221; _builder_version=&#8221;4.16&#8243; _module_preset=&#8221;default&#8221; background_color=&#8221;#1e1d1c&#8221; min_height=&#8221;3.8px&#8221; custom_margin=&#8221;-278px|||||&#8221; custom_padding=&#8221;0px||0px|&#8221; global_colors_info=&#8221;{}&#8221;][et_pb_row admin_label=&#8221;Divider Area&#8221; _builder_version=&#8221;4.16&#8243; _module_preset=&#8221;default&#8221; custom_padding=&#8221;0px||0px|&#8221; global_colors_info=&#8221;{}&#8221;][et_pb_column type=&#8221;4_4&#8243; _builder_version=&#8221;4.16&#8243; _module_preset=&#8221;default&#8221; custom_padding=&#8221;|||&#8221; global_colors_info=&#8221;{}&#8221; custom_padding__hover=&#8221;|||&#8221;][et_pb_divider color=&#8221;rgba(255,255,255,0.12)&#8221; divider_position=&#8221;center&#8221; _builder_version=&#8221;4.16&#8243; _module_preset=&#8221;default&#8221; global_colors_info=&#8221;{}&#8221;][\/et_pb_divider][\/et_pb_column][\/et_pb_row][\/et_pb_section][et_pb_section fb_built=&#8221;1&#8243; admin_label=&#8221;Footer Section&#8221; _builder_version=&#8221;4.16&#8243; _module_preset=&#8221;default&#8221; background_color=&#8221;#1e1d1c&#8221; min_height=&#8221;415px&#8221; custom_padding=&#8221;90px||90px|&#8221; global_colors_info=&#8221;{}&#8221;][\/et_pb_section]<\/p>\n","protected":false},"excerpt":{"rendered":"<p>Organisatsioonide n\u00f5ustamineVahel tuleb organisatsioonide elus ette olukordi, mille lahendamiseks on vaja leida lisakompetentse. Olgu siis seet\u00f5ttu, et igap\u00e4evaselt ei olegi n\u00f5ustajat, v\u00e4rbajat v\u00f5i koolitajat organisatsiooni struktuuris vaja. V\u00f5i seet\u00f5ttu, et on tegevusi, mille l\u00e4biviimisel tuleb kasuks organisatsiooni igap\u00e4evat\u00f6\u00f6 filtriteta v\u00e4rske k\u00f5rvalpilk.Larini\u00b2 n\u00f5ustamine saab aidata professionaalselt lahendada j\u00e4rgmisi olukordi: teha organisatsiooni auditit ning kaardistada selle optimaalne [&hellip;]<\/p>\n","protected":false},"author":1,"featured_media":0,"parent":0,"menu_order":0,"comment_status":"closed","ping_status":"closed","template":"","meta":{"_et_pb_use_builder":"on","_et_pb_old_content":"","_et_gb_content_width":"","_monsterinsights_skip_tracking":false,"_monsterinsights_sitenote_active":false,"_monsterinsights_sitenote_note":"","_monsterinsights_sitenote_category":0,"footnotes":""},"class_list":["post-473","page","type-page","status-publish","hentry"],"_links":{"self":[{"href":"https:\/\/monikalarini.eu\/et\/wp-json\/wp\/v2\/pages\/473","targetHints":{"allow":["GET"]}}],"collection":[{"href":"https:\/\/monikalarini.eu\/et\/wp-json\/wp\/v2\/pages"}],"about":[{"href":"https:\/\/monikalarini.eu\/et\/wp-json\/wp\/v2\/types\/page"}],"author":[{"embeddable":true,"href":"https:\/\/monikalarini.eu\/et\/wp-json\/wp\/v2\/users\/1"}],"replies":[{"embeddable":true,"href":"https:\/\/monikalarini.eu\/et\/wp-json\/wp\/v2\/comments?post=473"}],"version-history":[{"count":4,"href":"https:\/\/monikalarini.eu\/et\/wp-json\/wp\/v2\/pages\/473\/revisions"}],"predecessor-version":[{"id":478,"href":"https:\/\/monikalarini.eu\/et\/wp-json\/wp\/v2\/pages\/473\/revisions\/478"}],"wp:attachment":[{"href":"https:\/\/monikalarini.eu\/et\/wp-json\/wp\/v2\/media?parent=473"}],"curies":[{"name":"wp","href":"https:\/\/api.w.org\/{rel}","templated":true}]}}