{"id":635,"date":"2022-05-07T19:00:40","date_gmt":"2022-05-07T16:00:40","guid":{"rendered":"http:\/\/monikalarini.eu\/?page_id=635"},"modified":"2022-05-07T19:02:20","modified_gmt":"2022-05-07T16:02:20","slug":"andmekaitsetingimused","status":"publish","type":"page","link":"https:\/\/monikalarini.eu\/et\/andmekaitsetingimused\/","title":{"rendered":"Andmekaitsetingimused"},"content":{"rendered":"<p>[et_pb_section fb_built=&#8221;1&#8243; admin_label=&#8221;Page Title Section&#8221; _builder_version=&#8221;4.17.3&#8243; use_background_color_gradient=&#8221;on&#8221; background_color_gradient_direction=&#8221;120deg&#8221; background_color_gradient_stops=&#8221;#000000 0%|rgba(0,0,0,0) 100%&#8221; background_color_gradient_overlays_image=&#8221;on&#8221; background_color_gradient_start=&#8221;#000000&#8243; background_color_gradient_end=&#8221;rgba(0,0,0,0)&#8221; custom_padding=&#8221;110px||110px|&#8221; hover_enabled=&#8221;0&#8243; global_colors_info=&#8221;{}&#8221; _module_preset=&#8221;default&#8221; theme_builder_area=&#8221;post_content&#8221; background_enable_image=&#8221;off&#8221; sticky_enabled=&#8221;0&#8243;][et_pb_row admin_label=&#8221;Page Title Area&#8221; _builder_version=&#8221;4.16&#8243; background_size=&#8221;initial&#8221; background_position=&#8221;top_left&#8221; background_repeat=&#8221;repeat&#8221; global_colors_info=&#8221;{}&#8221; _module_preset=&#8221;default&#8221; column_structure=&#8221;2_3,1_3&#8243; theme_builder_area=&#8221;post_content&#8221;][et_pb_column type=&#8221;2_3&#8243; _builder_version=&#8221;4.16&#8243; custom_padding=&#8221;|||&#8221; global_colors_info=&#8221;{}&#8221; custom_padding__hover=&#8221;|||&#8221; _module_preset=&#8221;default&#8221; theme_builder_area=&#8221;post_content&#8221;][\/et_pb_column][et_pb_column type=&#8221;1_3&#8243; _builder_version=&#8221;4.16&#8243; custom_padding=&#8221;|||&#8221; global_colors_info=&#8221;{}&#8221; custom_padding__hover=&#8221;|||&#8221; _module_preset=&#8221;default&#8221; theme_builder_area=&#8221;post_content&#8221;][\/et_pb_column][\/et_pb_row][\/et_pb_section][et_pb_section fb_built=&#8221;1&#8243; admin_label=&#8221;Class Details Section&#8221; _builder_version=&#8221;4.16&#8243; background_color=&#8221;#efe9e4&#8243; custom_padding=&#8221;90px||90px|&#8221; global_colors_info=&#8221;{}&#8221; _module_preset=&#8221;default&#8221; theme_builder_area=&#8221;post_content&#8221;][et_pb_row admin_label=&#8221;Class Details Area&#8221; _builder_version=&#8221;4.16&#8243; custom_padding=&#8221;27px|0px|60px|0px&#8221; global_colors_info=&#8221;{}&#8221; _module_preset=&#8221;default&#8221; theme_builder_area=&#8221;post_content&#8221;][et_pb_column type=&#8221;4_4&#8243; _builder_version=&#8221;4.16&#8243; custom_padding=&#8221;|||&#8221; global_colors_info=&#8221;{}&#8221; custom_padding__hover=&#8221;|||&#8221; _module_preset=&#8221;default&#8221; theme_builder_area=&#8221;post_content&#8221;][et_pb_text admin_label=&#8221;Title&#8221; _builder_version=&#8221;4.17.3&#8243; text_font=&#8221;||||||||&#8221; header_font=&#8221;||||||||&#8221; header_2_font=&#8221;Poppins|600|||||||&#8221; header_2_text_align=&#8221;center&#8221; header_2_font_size=&#8221;36px&#8221; header_2_line_height=&#8221;1.2em&#8221; custom_margin=&#8221;||0px|&#8221; custom_padding=&#8221;|||&#8221; animation_style=&#8221;fade&#8221; hover_enabled=&#8221;0&#8243; global_colors_info=&#8221;{}&#8221; _module_preset=&#8221;default&#8221; theme_builder_area=&#8221;post_content&#8221; sticky_enabled=&#8221;0&#8243;]<\/p>\n<h2><b>Andmekaitsetingimused<\/b><\/h2>\n<p>[\/et_pb_text][et_pb_divider color=&#8221;#fdb467&#8243; divider_position=&#8221;center&#8221; divider_weight=&#8221;3px&#8221; _builder_version=&#8221;4.16&#8243; max_width=&#8221;50px&#8221; module_alignment=&#8221;center&#8221; animation_style=&#8221;slide&#8221; animation_direction=&#8221;top&#8221; animation_intensity_slide=&#8221;10%&#8221; animation_starting_opacity=&#8221;100%&#8221; global_colors_info=&#8221;{}&#8221; _module_preset=&#8221;default&#8221; theme_builder_area=&#8221;post_content&#8221;][\/et_pb_divider][\/et_pb_column][\/et_pb_row][et_pb_row admin_label=&#8221;Course Overview Area &#8221; _builder_version=&#8221;4.16&#8243; custom_margin=&#8221;-34px|auto||auto||&#8221; custom_padding=&#8221;|||&#8221; global_colors_info=&#8221;{}&#8221; _module_preset=&#8221;default&#8221; theme_builder_area=&#8221;post_content&#8221;][et_pb_column type=&#8221;4_4&#8243; _builder_version=&#8221;4.16&#8243; custom_padding=&#8221;|||&#8221; global_colors_info=&#8221;{}&#8221; custom_padding__hover=&#8221;|||&#8221; _module_preset=&#8221;default&#8221; theme_builder_area=&#8221;post_content&#8221;][et_pb_text _builder_version=&#8221;4.17.3&#8243; text_font=&#8221;Poppins||||||||&#8221; text_font_size=&#8221;18px&#8221; text_line_height=&#8221;1.8em&#8221; header_font=&#8221;||||||||&#8221; header_3_font=&#8221;||||||||&#8221; animation_style=&#8221;fade&#8221; hover_enabled=&#8221;0&#8243; global_colors_info=&#8221;{}&#8221; _module_preset=&#8221;default&#8221; theme_builder_area=&#8221;post_content&#8221; sticky_enabled=&#8221;0&#8243;]<\/p>\n<p><b>1. Larini Ruudus isikuandmete t\u00f6\u00f6tlejana.<\/b><\/p>\n<p class=\"p1\">1.1 Isikuandmete vastutavaks t\u00f6\u00f6tlejaks on Larini Ruudus O\u00dc, registrikood 12331239 (edaspidi Larini<span class=\"s1\"><sup>2<\/sup><\/span>). Kontaktandmed: info@larini.eu, postiaadress Weizenbergi 12a, Tallinn 10150, Eesti.<\/p>\n<p class=\"p1\">1.2 Larini<span class=\"s1\"><sup>2<\/sup><\/span> andmekaitsespetsialistiga saate kontakteeruda e-posti aadressil info@larini.eu.<\/p>\n<p class=\"p1\">1.3 Larini<span class=\"s1\"><sup>2<\/sup><\/span> on haridus- ja karj\u00e4\u00e4rin\u00f5ustamis- ja t\u00f5lkekeskus.<\/p>\n<p class=\"p1\">1.4 Larini<span class=\"s1\"><sup>2<\/sup><\/span> j\u00e4rgib isikuandmete t\u00f6\u00f6tlemise p\u00f5him\u00f5tteid:<\/p>\n<ul class=\"ul1\">\n<li class=\"li1\">Isikuandmete t\u00f6\u00f6tlemine on seaduslik, \u00f5iglane ja l\u00e4bipaistev.<\/li>\n<li class=\"li1\">Isikuandmeid kogume ja t\u00f6\u00f6tleme kindlaksm\u00e4\u00e4ratud ning \u00f5igusp\u00e4rastel eesm\u00e4rkidel.<\/li>\n<li class=\"li1\">Isikuandmed on asjakohased, olulised, kogutud vajalikul m\u00e4\u00e4ral, \u00f5iged, vajaduse korral ajakohastatud ja on tagatud nende parandamine.<\/li>\n<\/ul>\n<p class=\"p1\">1.5 Larini<span class=\"s1\"><sup>2<\/sup><\/span> s\u00e4ilitab isikuandmeid nii kaua kuni see on vajalik andmesubjekti soovitud teenuste osutamiseks, vastavalt lepinguliste partneritega kokku lepitud s\u00e4ilitamist\u00e4htajani ning vastavalt seaduses s\u00e4testatud s\u00e4ilitamist\u00e4htajani. Isikustamata kogutud andmeid s\u00e4ilitatakse t\u00e4htajatult.<\/p>\n<p class=\"p1\">1.6 Larini<span class=\"s1\"><sup>2<\/sup><\/span> arvestab oma tehniliste koost\u00f6\u00f6partnerite valikul andmekaitse olulisusega ning kohustab koost\u00f6\u00f6partnereid andmekaitsereegleid j\u00e4rgima.<\/p>\n<p class=\"p1\"><b>\u00a0<\/b><\/p>\n<p class=\"p1\"><b>2. T\u00f6\u00f6deldavad isikuandmed.<\/b><\/p>\n<p class=\"p2\">2.1 Larini<span class=\"s1\"><sup>2<\/sup><\/span> kogub ja t\u00f6\u00f6tleb j\u00e4rgmist t\u00fc\u00fcpi isikuandmeid:<\/p>\n<p class=\"p3\">2.2 Andmesubjekti poolt Larini<span class=\"s2\"><sup>2<\/sup><\/span> avaldatud isikuandmed;<\/p>\n<p class=\"p3\">2.3 Andmesubjekti ja Larini<span class=\"s2\"><sup>2<\/sup><\/span> tavap\u00e4rase suhtluse tulemusel tekkivaid isikuandmed;<\/p>\n<p class=\"p3\">2.4 Teenuste tarbimisel tekkivad Isikuandmed;<\/p>\n<p class=\"p3\">2.5\u00a0 Veebilehe k\u00fclastamise ja kasutamise tulemusena tekkivad isikuandmed;<\/p>\n<p class=\"p3\">2.6 Kolmandatelt isikutelt saadavad isikuandmed (nt t\u00f6\u00f6andja edastatud andmed registreerimaks t\u00f6\u00f6taja Larini<span class=\"s2\"><sup>2<\/sup><\/span> korraldatavale koolitustele\/\u00fcritusele);<\/p>\n<p class=\"p3\">2.7 Larini<span class=\"s2\"><sup>2<\/sup><\/span> poolt loodud ja kombineeritud isikuandmed (kliendisuhte raames toimunud e-kirjavahetus v\u00f5i tellimuste ajaloo nimistu).<\/p>\n<p class=\"p4\">\n<p class=\"p1\"><b>3. Andmete asukoht ja edastamine.<\/b><\/p>\n<p class=\"p1\">3.1 Larini<span class=\"s1\"><sup>2<\/sup><\/span> ei avalikusta, v\u00f5imalda ligip\u00e4\u00e4su ega anna isikuandmeid \u00fcle kolmandatele isikutele. Veebikeskkonnale ja selles sisalduvale infole on juurdep\u00e4\u00e4s ainult Larini<span class=\"s1\"><sup>2<\/sup><\/span> juhatuse liikmetel ning vajadusel Larini<span class=\"s1\"><sup>2<\/sup><\/span> poolt volitatud isikutel (nt tarkvara arendajad, IT teenuse pakkujad).<\/p>\n<p class=\"p1\"><b>\u00a0<\/b><\/p>\n<p class=\"p1\"><b>4. Isikuandmete t\u00f6\u00f6tlemise eesm\u00e4rgid ja \u00f5iguslikud alused.<\/b><\/p>\n<p class=\"p1\">4.1 Isikuandmete t\u00f6\u00f6tlemine on vajalik Larini<span class=\"s1\"><sup>2<\/sup><\/span> teenuste osutamiseks, veebikeskkonna toimimise tagamiseks ning seadusest tulenevate kohustuste t\u00e4itmiseks.<\/p>\n<p class=\"p1\">4.2 \u00d5iguslikud alused:<\/p>\n<p class=\"p1\">4.2.1 Larini<span class=\"s1\"><sup>2<\/sup><\/span> t\u00f6\u00f6tleb isikuandmeid andmesubjekti n\u00f5usoleku alusel. N\u00f5usolek on antud \u00fchel v\u00f5i mitmel eesm\u00e4rgil vabatahtlikult andmesubjekti poolt. Andmesubjektil on \u00f5igus n\u00f5usolekut igal ajal tagasi v\u00f5tta.<\/p>\n<p class=\"p1\">\n<p class=\"p1\"><b>5. Andmesubjekti \u00f5igused.<\/b><\/p>\n<p class=\"p1\">5.1 Andmesubjekti \u00f5igused on v\u00e4lja toodud isikuandmete kaitse \u00fcldm\u00e4\u00e4ruse artiklites 15-22, mille kohaselt Teil on \u00f5igus:<\/p>\n<ul class=\"ul1\">\n<li class=\"li1\">tutvuda Teie kohta k\u00e4ivate isikuandmetega;<\/li>\n<li class=\"li1\">n\u00f5uda enda andmete parandamist;<\/li>\n<li class=\"li1\">n\u00f5uda enda andmete kustutamist (\u00f5igus \u201eolla unustatud\u201c);<\/li>\n<li class=\"li1\">piirata enda isikuandmete t\u00f6\u00f6tlemist;<\/li>\n<li class=\"li1\">esitada vastuv\u00e4iteid enda isikuandmete t\u00f6\u00f6tlemisele;<\/li>\n<li class=\"li1\">n\u00f5uda enda isikuandmete \u00fclekandmist;<\/li>\n<li class=\"li1\">avaldada vastuseisu automatiseeritud otsuste tegemisele (sealhulgas profileerimisele);<\/li>\n<li class=\"li1\">n\u00f5usoleku tagasiv\u00f5tmisele;<\/li>\n<li class=\"li1\">esitada kaebus andmekaitse j\u00e4relevalveasutusele.<\/li>\n<\/ul>\n<p class=\"p1\">\n<p class=\"p1\"><b>6. K\u00fcpsised.<\/b><\/p>\n<p class=\"p1\">6.1 K\u00fcpsised on v\u00e4ikesed andmeplokid, mis installeeritakse Teie k\u00fclastatavatelt veebisaitidelt Kasutaja arvutisse.<\/p>\n<p class=\"p1\">6.2 Larini<span class=\"s1\"><sup>2<\/sup><\/span> kasutab veebikeskkonnas k\u00fcpsiseid, tagamaks veebikeskkonna kasutamise v\u00f5imalikkuse, parema toimimise ning anal\u00fc\u00fcsimise v\u00f5imekuseks.<\/p>\n<p class=\"p1\">6.3 Kasutusel on cookied sessiooni haldamiseks, mis j\u00e4lgivad kasutaja liikumist ja tegevusi veebikeskkonnas, mille eesm\u00e4rgiks on tagada s\u00fcsteemi toimivus ja vajadusel probleemide lahendamine. Lisaks on kasutusel k\u00fcpsised, mis j\u00e4tavad kasutaja meelde ehk kasutaja ei pea uuesti sisse logima ning k\u00fcpsised, mis m\u00e4letavad kasutaja keelevalikuid.<\/p>\n<p class=\"p1\">6.4 Larini<span class=\"s1\"><sup>2<\/sup><\/span> kasutab ka Google Analyticsi v\u00f5imalusi, et anal\u00fc\u00fcsida veebikeskkonna kasutamist, mist\u00f5ttu on kasutusel ka Google Analyticsi k\u00fcpsised.<\/p>\n<p class=\"p1\">6.5 Kasutajatel on v\u00f5imalik oma brauserites k\u00fcpsiste kasutamine \u00e4ra keelata, kuid see v\u00f5ib tingida probleeme veebikeskkonna t\u00f6\u00f6s ning takistada veebikeskkonna kasutamist.<\/p>\n<p class=\"p1\">\n<p class=\"p1\"><b>7. P\u00e4ringud ja kaebe\u00f5igus.<\/b><\/p>\n<p class=\"p1\">7.1 Andmesubjekti \u00f5iguste realiseerimiseks peab andmesubjekt p\u00f6\u00f6rduma Larini<span class=\"s1\"><sup>2<\/sup><\/span> andmekaitsespetsialist poole edastades taotluse v\u00f5i vastuv\u00e4ite e-postiaadressile info@larini.eu.<\/p>\n<p class=\"p1\">7.2 Andmesubjektil on \u00f5igus igal ajal p\u00f6\u00f6rduda kaebusega Andmekaitse Inspektsiooni poole.<\/p>\n<p>[\/et_pb_text][\/et_pb_column][\/et_pb_row][et_pb_row admin_label=&#8221;Class Details Area&#8221; _builder_version=&#8221;4.16&#8243; custom_padding=&#8221;27px|0px|60px|0px&#8221; global_colors_info=&#8221;{}&#8221; _module_preset=&#8221;default&#8221; theme_builder_area=&#8221;post_content&#8221; custom_margin=&#8221;50px|auto||auto||&#8221;][et_pb_column type=&#8221;4_4&#8243; _builder_version=&#8221;4.16&#8243; custom_padding=&#8221;|||&#8221; global_colors_info=&#8221;{}&#8221; custom_padding__hover=&#8221;|||&#8221; _module_preset=&#8221;default&#8221; theme_builder_area=&#8221;post_content&#8221;][et_pb_text admin_label=&#8221;Title&#8221; _builder_version=&#8221;4.17.3&#8243; text_font=&#8221;||||||||&#8221; header_font=&#8221;||||||||&#8221; header_2_font=&#8221;Poppins|600|||||||&#8221; header_2_text_align=&#8221;center&#8221; header_2_font_size=&#8221;36px&#8221; header_2_line_height=&#8221;1.2em&#8221; custom_margin=&#8221;||0px|&#8221; custom_padding=&#8221;|||&#8221; animation_style=&#8221;fade&#8221; hover_enabled=&#8221;0&#8243; global_colors_info=&#8221;{}&#8221; _module_preset=&#8221;default&#8221; theme_builder_area=&#8221;post_content&#8221; sticky_enabled=&#8221;0&#8243;]<\/p>\n<h2><b>Privacy Policy<\/b><\/h2>\n<p>[\/et_pb_text][et_pb_divider divider_position=&#8221;center&#8221; divider_weight=&#8221;3px&#8221; _builder_version=&#8221;4.17.3&#8243; max_width=&#8221;50px&#8221; module_alignment=&#8221;center&#8221; animation_style=&#8221;slide&#8221; animation_direction=&#8221;top&#8221; animation_intensity_slide=&#8221;10%&#8221; animation_starting_opacity=&#8221;100%&#8221; hover_enabled=&#8221;0&#8243; global_colors_info=&#8221;{}&#8221; _module_preset=&#8221;default&#8221; theme_builder_area=&#8221;post_content&#8221; sticky_enabled=&#8221;0&#8243;][\/et_pb_divider][\/et_pb_column][\/et_pb_row][et_pb_row admin_label=&#8221;Course Overview Area &#8221; _builder_version=&#8221;4.16&#8243; custom_margin=&#8221;-44px|auto||auto||&#8221; custom_padding=&#8221;|||&#8221; global_colors_info=&#8221;{}&#8221; _module_preset=&#8221;default&#8221; theme_builder_area=&#8221;post_content&#8221;][et_pb_column type=&#8221;4_4&#8243; _builder_version=&#8221;4.16&#8243; custom_padding=&#8221;|||&#8221; global_colors_info=&#8221;{}&#8221; custom_padding__hover=&#8221;|||&#8221; _module_preset=&#8221;default&#8221; theme_builder_area=&#8221;post_content&#8221;][et_pb_text _builder_version=&#8221;4.17.3&#8243; text_font=&#8221;Poppins||||||||&#8221; text_font_size=&#8221;18px&#8221; text_line_height=&#8221;1.8em&#8221; header_font=&#8221;||||||||&#8221; header_3_font=&#8221;||||||||&#8221; animation_style=&#8221;fade&#8221; hover_enabled=&#8221;0&#8243; global_colors_info=&#8221;{}&#8221; _module_preset=&#8221;default&#8221; theme_builder_area=&#8221;post_content&#8221; sticky_enabled=&#8221;0&#8243;]<\/p>\n<p class=\"p1\"><b>1. Larini Ruudus as a processor of personal data.<\/b><\/p>\n<p class=\"p1\">1.1 The main processor of personal data is Larini Ruudus O\u00dc, registry code 12331239 (hereinafter Larini<span class=\"s1\"><sup>2<\/sup><\/span>). Contact information: info@larini.eu, postal address Weizenbergi 12a, Tallinn 10150, Estonia.<\/p>\n<p class=\"p1\">1.2 You can contact Larini<span class=\"s1\"><sup>2<\/sup><\/span> data protection specialist at info@larini.eu.<\/p>\n<p class=\"p1\">1.3 Larini<span class=\"s1\"><sup>2<\/sup><\/span> is an educational and career guidance and translation centre.<\/p>\n<p class=\"p1\">1.4 Larini<span class=\"s1\"><sup>2<\/sup><\/span> follows the principles of personal data processing:<\/p>\n<ul class=\"ul1\">\n<li class=\"li1\">The processing of personal data is lawful, fair and transparent.<\/li>\n<li class=\"li1\">We collect and process personal data for specified and legitimate purposes.<\/li>\n<li class=\"li1\">Personal data shall be relevant, important, collected to the necessary extent, accurate, kept up to date there necessary and ensured.<\/li>\n<\/ul>\n<p class=\"p1\">1.5 Larini<span class=\"s1\"><sup>2<\/sup><\/span> retains personal data for as long as it is necessary to provide the services requested by the data subject, in accordance with the retention period provided by law. Non-personal data collected will ne stored indefinitely.<\/p>\n<p class=\"p1\">1.6 Larini<span class=\"s1\"><sup>2<\/sup><\/span> takes into account the importance of data protection in the selection of its technical partners and obliges partners to comply with data protection rules.<\/p>\n<p class=\"p2\"><b><\/b><\/p>\n<p class=\"p1\"><b>2. Personal data to be processed.<\/b><\/p>\n<p class=\"p3\">2.1 Larini<span class=\"s2\"><sup>2<\/sup><\/span> collects and processes the following types of personal data:<\/p>\n<p class=\"p3\">2.2 Personal Data provided to Larini<span class=\"s2\"><sup>2<\/sup><\/span> by the Data Subject;<\/p>\n<p class=\"p3\">2.3 Personal Data arising from the normal communication between the Data Subject and Larini<span class=\"s2\"><sup>2<\/sup><\/span>;<\/p>\n<p class=\"p3\">2.4 Personal Data arising from the consumption of the Services;<\/p>\n<p class=\"p3\">2.5 Personal data generated as a result of visiting and using the Website;<\/p>\n<p class=\"p3\">2.6 Personal Data sent from third parties (eg data provided by the employer to register an employee for a training \/ event organized by Larini<span class=\"s2\"><sup>2<\/sup><\/span>);<\/p>\n<p class=\"p3\">2.7 Personal data created and combined by Larini<span class=\"s2\"><sup>2<\/sup><\/span> (e-mail correspondence within the customer relationship or list of order history).<\/p>\n<p class=\"p4\">\n<p class=\"p1\"><b>3. Location and transmission of data.<\/b><\/p>\n<p class=\"p1\">3.1 Larini<span class=\"s1\"><sup>2<\/sup><\/span> does not disclose, provide access to or transfer data to third parties. Only members of the Larini<span class=\"s1\"><sup>2<\/sup><\/span> Management Board and, if necessary, persons authorised by Larini<span class=\"s1\"><sup>2<\/sup><\/span> (e.g. software developers, IT service providers) have access to the web environment and the information contained therein.<\/p>\n<p class=\"p2\">\n<p class=\"p1\"><b>4. Purposes and legal bases for the processing of personal data.<\/b><\/p>\n<p class=\"p1\">4.1 The processing of personal data is necessary for the provision of Larini<span class=\"s1\"><sup>2<\/sup><\/span> services, for ensuring the functioning of the online environment and for fulfilling legal obligations.<\/p>\n<p class=\"p1\">4.2 Legal bases:<\/p>\n<ul class=\"ul1\">\n<li class=\"li1\"><b><\/b>4.2.1 Larini<span class=\"s1\"><sup>2<\/sup><\/span> processes personal data with the consent of the data subject. Consent has been given voluntarily by the data subject for one or more purposes. The data subject has the right to withdraw his or her consent at any time.<\/li>\n<\/ul>\n<p class=\"p1\">\n<p class=\"p1\"><b>5. Rights of the data subject.<\/b><\/p>\n<p class=\"p1\">5.1 The rights of the data subject are set out in Articles 15-22 of the General Data Protection Regulation, according to which you have the right to:<\/p>\n<ul class=\"ul1\">\n<li class=\"li1\">get acquainted with personal data about you;<\/li>\n<li class=\"li1\">demand correction of your data;<\/li>\n<li class=\"li1\">request the deletion of your data (right to \u201ebe forgotten\u201c);<\/li>\n<li class=\"li1\">restrict the processing of your personal data;<\/li>\n<li class=\"li1\">object to the processing of your personal data;<\/li>\n<li class=\"li1\">request the transfer of your personal data;<\/li>\n<li class=\"li1\">oppose automated decision-making (including profiling);<\/li>\n<li class=\"li1\">withdraw your consent;<\/li>\n<li class=\"li1\">lodge a complaint with the data protection supervisory authority.<\/li>\n<\/ul>\n<p class=\"p1\">\n<p class=\"p1\"><b>6. Cookies.<\/b><\/p>\n<p class=\"p1\">6.1 Cookies are small blocks of data that are installed on the User&#8217;s computer from the websites you visit.<\/p>\n<p class=\"p1\">6.2 Larini<span class=\"s1\"><sup>2<\/sup><\/span> uses cookies in the web environment to ensure the use of the web environment, better performance and analysis capabilities.<\/p>\n<p class=\"p1\">6.3 Cookies are used to manage the sessions which monitor the user&#8217;s movement and activities in the web environment, the purpose of which is to ensure the system&#8217;s performance and, if necessary, to solve problems. In addition, cookies are used to remember the user, i.e. so that the user does not have to log in again, and cookies remember the user&#8217;s language choices.<\/p>\n<p class=\"p1\">6.4 Larini<span class=\"s1\"><sup>2<\/sup><\/span> also uses Google Analytics to analyse the use of the web environment, which is why Google Analytics cookies are used.<\/p>\n<p class=\"p1\">6.5 Users may disable the use of cookies in their browsers, but this may cause problems with the operation of the web environment and prevent its use.<\/p>\n<p class=\"p1\">\n<p class=\"p1\"><b>7. Inquiries and right of appeal.<\/b><\/p>\n<p class=\"p1\">7.1 In order to exercise the data subject&#8217;s rights, the data subject must contact the Larini<span class=\"s1\"><sup>2<\/sup><\/span> data protection specialist by sending a request or objection to the e-mail address info@larini.eu.<\/p>\n<p class=\"p1\">7.2 The data subject has the right to file a complaint with the Data Protection Inspectorate at any time.<\/p>\n<p>[\/et_pb_text][\/et_pb_column][\/et_pb_row][\/et_pb_section][et_pb_section fb_built=&#8221;1&#8243; admin_label=&#8221;Divider Section&#8221; _builder_version=&#8221;4.16&#8243; background_color=&#8221;#1e1d1c&#8221; custom_padding=&#8221;0px||0px|&#8221; global_colors_info=&#8221;{}&#8221; _module_preset=&#8221;default&#8221; theme_builder_area=&#8221;post_content&#8221;][et_pb_row admin_label=&#8221;Divider Area&#8221; _builder_version=&#8221;4.16&#8243; custom_padding=&#8221;0px||0px|&#8221; global_colors_info=&#8221;{}&#8221; _module_preset=&#8221;default&#8221; theme_builder_area=&#8221;post_content&#8221;][et_pb_column type=&#8221;4_4&#8243; _builder_version=&#8221;4.16&#8243; custom_padding=&#8221;|||&#8221; global_colors_info=&#8221;{}&#8221; custom_padding__hover=&#8221;|||&#8221; _module_preset=&#8221;default&#8221; theme_builder_area=&#8221;post_content&#8221;][et_pb_divider color=&#8221;rgba(255,255,255,0.12)&#8221; divider_position=&#8221;center&#8221; _builder_version=&#8221;4.16&#8243; global_colors_info=&#8221;{}&#8221; _module_preset=&#8221;default&#8221; theme_builder_area=&#8221;post_content&#8221;][\/et_pb_divider][\/et_pb_column][\/et_pb_row][\/et_pb_section]<\/p>\n","protected":false},"excerpt":{"rendered":"<p>Andmekaitsetingimused1. Larini Ruudus isikuandmete t\u00f6\u00f6tlejana. 1.1 Isikuandmete vastutavaks t\u00f6\u00f6tlejaks on Larini Ruudus O\u00dc, registrikood 12331239 (edaspidi Larini2). Kontaktandmed: info@larini.eu, postiaadress Weizenbergi 12a, Tallinn 10150, Eesti. 1.2 Larini2 andmekaitsespetsialistiga saate kontakteeruda e-posti aadressil info@larini.eu. 1.3 Larini2 on haridus- ja karj\u00e4\u00e4rin\u00f5ustamis- ja t\u00f5lkekeskus. 1.4 Larini2 j\u00e4rgib isikuandmete t\u00f6\u00f6tlemise p\u00f5him\u00f5tteid: Isikuandmete t\u00f6\u00f6tlemine on seaduslik, \u00f5iglane ja l\u00e4bipaistev. Isikuandmeid [&hellip;]<\/p>\n","protected":false},"author":1,"featured_media":0,"parent":0,"menu_order":0,"comment_status":"closed","ping_status":"closed","template":"","meta":{"_et_pb_use_builder":"on","_et_pb_old_content":"","_et_gb_content_width":"","_monsterinsights_skip_tracking":false,"_monsterinsights_sitenote_active":false,"_monsterinsights_sitenote_note":"","_monsterinsights_sitenote_category":0,"footnotes":""},"class_list":["post-635","page","type-page","status-publish","hentry"],"_links":{"self":[{"href":"https:\/\/monikalarini.eu\/et\/wp-json\/wp\/v2\/pages\/635","targetHints":{"allow":["GET"]}}],"collection":[{"href":"https:\/\/monikalarini.eu\/et\/wp-json\/wp\/v2\/pages"}],"about":[{"href":"https:\/\/monikalarini.eu\/et\/wp-json\/wp\/v2\/types\/page"}],"author":[{"embeddable":true,"href":"https:\/\/monikalarini.eu\/et\/wp-json\/wp\/v2\/users\/1"}],"replies":[{"embeddable":true,"href":"https:\/\/monikalarini.eu\/et\/wp-json\/wp\/v2\/comments?post=635"}],"version-history":[{"count":3,"href":"https:\/\/monikalarini.eu\/et\/wp-json\/wp\/v2\/pages\/635\/revisions"}],"predecessor-version":[{"id":644,"href":"https:\/\/monikalarini.eu\/et\/wp-json\/wp\/v2\/pages\/635\/revisions\/644"}],"wp:attachment":[{"href":"https:\/\/monikalarini.eu\/et\/wp-json\/wp\/v2\/media?parent=635"}],"curies":[{"name":"wp","href":"https:\/\/api.w.org\/{rel}","templated":true}]}}